{"id":18,"date":"2022-02-18T21:02:32","date_gmt":"2022-02-18T21:02:32","guid":{"rendered":"https:\/\/windmill.com.pl\/?page_id=18"},"modified":"2023-10-14T08:47:36","modified_gmt":"2023-10-14T08:47:36","slug":"18-2","status":"publish","type":"page","link":"https:\/\/windmill.com.pl\/en\/","title":{"rendered":""},"content":{"rendered":"<div id=\"fws_6a0951b41c1dc\"  data-column-margin=\"default\" data-midnight=\"dark\" data-top-percent=\"13%\" data-bottom-percent=\"13%\"  class=\"wpb_row vc_row-fluid vc_row full-width-section\"  style=\"padding-top: calc(100vw * 0.13); padding-bottom: calc(100vw * 0.13); \"><div class=\"row-bg-wrap\" data-bg-animation=\"none\" data-bg-animation-delay=\"\" data-bg-overlay=\"false\"><div class=\"inner-wrap row-bg-layer\" ><div class=\"row-bg viewport-desktop\"  style=\"\"><\/div><\/div><\/div><div class=\"row_col_wrap_12 col span_12 dark center\">\n\t<div  class=\"vc_col-sm-2 wpb_column column_container vc_column_container col no-extra-padding inherit_tablet inherit_phone\"  data-padding-pos=\"all\" data-has-bg-color=\"false\" data-bg-color=\"\" data-bg-opacity=\"1\" data-animation=\"\" data-delay=\"0\" >\n\t\t<div class=\"vc_column-inner\" >\n\t\t\t<div class=\"wpb_wrapper\">\n\t\t\t\t\n\t\t\t<\/div> \n\t\t<\/div>\n\t<\/div> \n\n\t<div  class=\"vc_col-sm-8 wpb_column column_container vc_column_container col centered-text no-extra-padding force-desktop-text-align-center inherit_tablet inherit_phone\"  data-padding-pos=\"all\" data-has-bg-color=\"false\" data-bg-color=\"\" data-bg-opacity=\"1\" data-animation=\"\" data-delay=\"0\" data-scroll-animation=\"true\" data-scroll-animation-movement=\"default\" data-scroll-animation-mobile=\"\" data-scroll-animation-intensity=\"-5\" >\n\t\t<div class=\"vc_column-inner\" >\n\t\t\t<div class=\"wpb_wrapper\">\n\t\t\t\t<div class=\"img-with-aniamtion-wrap center\" data-max-width=\"100%\" data-max-width-mobile=\"default\" data-shadow=\"none\" data-animation=\"fade-in\"  style=\"margin-right: 10%; margin-left: 10%;\">\n      <div class=\"inner\">\n        <div class=\"hover-wrap\"> \n          <div class=\"hover-wrap-inner\">\n            <img loading=\"lazy\" decoding=\"async\" class=\"img-with-animation skip-lazy\" data-delay=\"0\" height=\"928\" width=\"1751\" data-animation=\"fade-in\" src=\"https:\/\/windmill.com.pl\/wp-content\/uploads\/2022\/02\/windmill-center.png\" alt=\"\" srcset=\"https:\/\/windmill.com.pl\/wp-content\/uploads\/2022\/02\/windmill-center.png 1751w, https:\/\/windmill.com.pl\/wp-content\/uploads\/2022\/02\/windmill-center-300x159.png 300w, https:\/\/windmill.com.pl\/wp-content\/uploads\/2022\/02\/windmill-center-1024x543.png 1024w, https:\/\/windmill.com.pl\/wp-content\/uploads\/2022\/02\/windmill-center-768x407.png 768w, https:\/\/windmill.com.pl\/wp-content\/uploads\/2022\/02\/windmill-center-1536x814.png 1536w\" sizes=\"auto, (max-width: 1751px) 100vw, 1751px\" \/>\n          <\/div>\n        <\/div>\n      <\/div>\n    <\/div><div id=\"fws_6a0951b41d05a\" data-midnight=\"\" data-column-margin=\"none\" class=\"wpb_row vc_row-fluid vc_row inner_row  right_padding_14pct left_padding_5pct\"  style=\"\"><div class=\"row-bg-wrap\"> <div class=\"row-bg\" ><\/div> <\/div><div class=\"row_col_wrap_12_inner col span_12  center\">\n\t<div style=\" color: #2d2d2d;\" class=\"vc_col-sm-3 wpb_column column_container vc_column_container col child_column centered-text no-extra-padding inherit_tablet inherit_phone\" data-cfc=\"true\"  data-padding-pos=\"all\" data-has-bg-color=\"false\" data-bg-color=\"\" data-bg-opacity=\"1\" data-animation=\"\" data-delay=\"0\" >\n\t\t<div class=\"vc_column-inner\" >\n\t\t<div class=\"wpb_wrapper\">\n\t\t\t\n\t<div class=\"wpb_widgetised_column wpb_content_element\">\n\t\t<div id=\"sidebar\" data-nectar-ss=\"\" class=\"wpb_wrapper\">\n\t\t\t<div id=\"nav_menu-3\" class=\"widget widget_nav_menu\"><div class=\"menu-projekty-container\"><ul id=\"menu-projekty\" class=\"menu\"><li id=\"menu-item-42\" class=\"menu-item menu-item-type-custom menu-item-object-custom menu-item-42\"><a href=\"https:\/\/windmill.com.pl\/en\/?page_id=52\">PROJECTS<\/a><\/li>\n<\/ul><\/div><\/div>\n\t\t<\/div> \n\t<\/div> \n\t\t<\/div> \n\t<\/div>\n\t<\/div> \n\n\t<div style=\" color: #2d2d2d;\" class=\"vc_col-sm-3 wpb_column column_container vc_column_container col child_column centered-text no-extra-padding inherit_tablet inherit_phone\" data-cfc=\"true\"  data-padding-pos=\"all\" data-has-bg-color=\"false\" data-bg-color=\"\" data-bg-opacity=\"1\" data-animation=\"\" data-delay=\"0\" >\n\t\t<div class=\"vc_column-inner\" >\n\t\t<div class=\"wpb_wrapper\">\n\t\t\t\n\t<div class=\"wpb_widgetised_column wpb_content_element\">\n\t\t<div id=\"sidebar\" data-nectar-ss=\"\" class=\"wpb_wrapper\">\n\t\t\t<div id=\"nav_menu-4\" class=\"widget widget_nav_menu\"><div class=\"menu-onas-container\"><ul id=\"menu-onas\" class=\"menu\"><li id=\"menu-item-43\" class=\"menu-item menu-item-type-custom menu-item-object-custom menu-item-43\"><a href=\"https:\/\/windmill.com.pl\/en\/?page_id=80\">ABOUT<\/a><\/li>\n<\/ul><\/div><\/div>\n\t\t<\/div> \n\t<\/div> \n\t\t<\/div> \n\t<\/div>\n\t<\/div> \n\n\t<div style=\" color: #2d2d2d;\" class=\"vc_col-sm-3 wpb_column column_container vc_column_container col child_column centered-text no-extra-padding inherit_tablet inherit_phone\" data-cfc=\"true\"  data-padding-pos=\"all\" data-has-bg-color=\"false\" data-bg-color=\"\" data-bg-opacity=\"1\" data-animation=\"\" data-delay=\"0\" >\n\t\t<div class=\"vc_column-inner\" >\n\t\t<div class=\"wpb_wrapper\">\n\t\t\t\n\t<div class=\"wpb_widgetised_column wpb_content_element\">\n\t\t<div id=\"sidebar\" data-nectar-ss=\"\" class=\"wpb_wrapper\">\n\t\t\t<div id=\"nav_menu-6\" class=\"widget widget_nav_menu\"><div class=\"menu-kontakt-container\"><ul id=\"menu-kontakt\" class=\"menu\"><li id=\"menu-item-44\" class=\"menu-item menu-item-type-custom menu-item-object-custom menu-item-44\"><a href=\"https:\/\/windmill.com.pl\/en\/?page_id=74\">CONTACT<\/a><\/li>\n<\/ul><\/div><\/div>\n\t\t<\/div> \n\t<\/div> \n\t\t<\/div> \n\t<\/div>\n\t<\/div> \n\n\t<div  class=\"vc_col-sm-3 wpb_column column_container vc_column_container col child_column no-extra-padding inherit_tablet inherit_phone\"   data-padding-pos=\"all\" data-has-bg-color=\"false\" data-bg-color=\"\" data-bg-opacity=\"1\" data-animation=\"\" data-delay=\"0\" >\n\t\t<div class=\"vc_column-inner\" >\n\t\t<div class=\"wpb_wrapper\">\n\t\t\t\n\t<div class=\"wpb_widgetised_column wpb_content_element\">\n\t\t<div id=\"sidebar\" data-nectar-ss=\"\" class=\"wpb_wrapper\">\n\t\t\t<div id=\"nav_menu-9\" class=\"widget widget_nav_menu\"><div class=\"menu-lang-container\"><ul id=\"menu-lang\" class=\"menu\"><li id=\"menu-item-107\" class=\"trp-language-switcher-container menu-item menu-item-type-post_type menu-item-object-language_switcher current-language-menu-item menu-item-107\"><a href=\"https:\/\/windmill.com.pl\/en\/wp-json\/wp\/v2\/pages\/18\"><span data-no-translation><span class=\"trp-ls-language-name\">PL<\/span><\/span><\/a><\/li>\n<\/ul><\/div><\/div>\n\t\t<\/div> \n\t<\/div> \n\t\t<\/div> \n\t<\/div>\n\t<\/div> \n<\/div><\/div>\n\t\t\t<\/div> \n\t\t<\/div>\n\t<\/div> \n\n\t<div  class=\"vc_col-sm-2 wpb_column column_container vc_column_container col no-extra-padding inherit_tablet inherit_phone\"  data-padding-pos=\"all\" data-has-bg-color=\"false\" data-bg-color=\"\" data-bg-opacity=\"1\" data-animation=\"\" data-delay=\"0\" >\n\t\t<div class=\"vc_column-inner\" >\n\t\t\t<div class=\"wpb_wrapper\">\n\t\t\t\t\n\t\t\t<\/div> \n\t\t<\/div>\n\t<\/div> \n<\/div><\/div>\n\t\t<div id=\"fws_6a0951b42189b\"  data-column-margin=\"100px\" data-midnight=\"dark\"  class=\"wpb_row vc_row-fluid vc_row  right_padding_7pct left_padding_7pct\"  style=\"padding-top: 0px; padding-bottom: 0px; \"><div class=\"row-bg-wrap\" data-bg-animation=\"none\" data-bg-animation-delay=\"\" data-bg-overlay=\"false\"><div class=\"inner-wrap row-bg-layer\" ><div class=\"row-bg viewport-desktop\"  style=\"\"><\/div><\/div><\/div><div class=\"row_col_wrap_12 col span_12 dark left\">\n\t<div  class=\"vc_col-sm-12 wpb_column column_container vc_column_container col no-extra-padding inherit_tablet inherit_phone\"  data-padding-pos=\"all\" data-has-bg-color=\"false\" data-bg-color=\"\" data-bg-opacity=\"1\" data-animation=\"\" data-delay=\"0\" >\n\t\t<div class=\"vc_column-inner\" ><a class=\"column-link\" target=\"_self\" href=\"https:\/\/windmill.com.pl\/en\/dotacje\/\"><span class=\"screen-reader-text\">dotacje<\/span><\/a>\n\t\t\t<div class=\"wpb_wrapper\">\n\t\t\t\t<div class=\"divider-wrap\" data-alignment=\"default\"><div style=\"height: 40px;\" class=\"divider\"><\/div><\/div><div class=\"img-with-aniamtion-wrap center\" data-max-width=\"100%\" data-max-width-mobile=\"default\" data-shadow=\"none\" data-animation=\"fade-in\" >\n      <div class=\"inner\">\n        <div class=\"hover-wrap\"> \n          <div class=\"hover-wrap-inner\">\n            <a href=\"https:\/\/windmill.com.pl\/en\/dotacje\/\" target=\"_self\" class=\"center\">\n              <img loading=\"lazy\" decoding=\"async\" class=\"img-with-animation skip-lazy\" data-delay=\"0\" height=\"200\" width=\"2224\" data-animation=\"fade-in\" src=\"https:\/\/windmill.com.pl\/wp-content\/uploads\/2023\/10\/Podstawowe-zestawienie-poziom-z-EFRR-kolor.jpg\" alt=\"\" srcset=\"https:\/\/windmill.com.pl\/wp-content\/uploads\/2023\/10\/Podstawowe-zestawienie-poziom-z-EFRR-kolor.jpg 2224w, https:\/\/windmill.com.pl\/wp-content\/uploads\/2023\/10\/Podstawowe-zestawienie-poziom-z-EFRR-kolor-300x27.jpg 300w, https:\/\/windmill.com.pl\/wp-content\/uploads\/2023\/10\/Podstawowe-zestawienie-poziom-z-EFRR-kolor-1024x92.jpg 1024w, https:\/\/windmill.com.pl\/wp-content\/uploads\/2023\/10\/Podstawowe-zestawienie-poziom-z-EFRR-kolor-768x69.jpg 768w, https:\/\/windmill.com.pl\/wp-content\/uploads\/2023\/10\/Podstawowe-zestawienie-poziom-z-EFRR-kolor-1536x138.jpg 1536w, https:\/\/windmill.com.pl\/wp-content\/uploads\/2023\/10\/Podstawowe-zestawienie-poziom-z-EFRR-kolor-2048x184.jpg 2048w, https:\/\/windmill.com.pl\/wp-content\/uploads\/2023\/10\/Podstawowe-zestawienie-poziom-z-EFRR-kolor-18x2.jpg 18w\" sizes=\"auto, (max-width: 2224px) 100vw, 2224px\" \/>\n            <\/a>\n          <\/div>\n        <\/div>\n      <\/div>\n      <\/div><div class=\"divider-wrap\" data-alignment=\"default\"><div style=\"height: 40px;\" class=\"divider\"><\/div><\/div><div class=\"nectar-highlighted-text font_size_12 font_line_height_18px\" data-style=\"full_text\" data-exp=\"default\" data-using-custom-color=\"false\" data-animation-delay=\"false\" data-color=\"\" data-color-gradient=\"\" style=\"\">Windmill sp.\u00a0 z o.o. realizuje projekt RPMA.03.03.00-14-j085\/23 pod nazw\u0105 \u201eWprowadzenie nowej innowacyjnej i kompleksowej us\u0142ugi organizacji event\u00f3w online z wykorzystaniem technologii wirtualnej rzeczywisto\u015bci (VR)\u201d dofinansowany w ramach Regionalnego Programu Operacyjnego Wojew\u00f3dztwa Mazowieckiego 2014-2020, numer naboru RPMA.03.03.00-IP.01-14-122\/22.<\/div>\n\t\t\t<\/div> \n\t\t<\/div>\n\t<\/div> \n<\/div><\/div>","protected":false},"excerpt":{"rendered":"PROJEKTY O NAS KONTAKT PL dotacje Windmill sp.\u00a0 z o.o. realizuje projekt RPMA.03.03.00-14-j085\/23 pod nazw\u0105 \u201eWprowadzenie nowej innowacyjnej i kompleksowej us\u0142ugi organizacji event\u00f3w online z wykorzystaniem technologii wirtualnej rzeczywisto\u015bci (VR)\u201d...","protected":false},"author":1,"featured_media":0,"parent":0,"menu_order":0,"comment_status":"closed","ping_status":"closed","template":"","meta":{"footnotes":""},"class_list":["post-18","page","type-page","status-publish"],"yoast_head":"<!-- This site is optimized with the Yoast SEO plugin v24.0 - https:\/\/yoast.com\/wordpress\/plugins\/seo\/ -->\n<title>- Windmill<\/title>\n<meta name=\"robots\" content=\"index, follow, max-snippet:-1, max-image-preview:large, max-video-preview:-1\" \/>\n<link rel=\"canonical\" href=\"https:\/\/windmill.com.pl\/en\/\" \/>\n<meta property=\"og:locale\" content=\"en_US\" \/>\n<meta property=\"og:type\" content=\"article\" \/>\n<meta property=\"og:title\" content=\"- Windmill\" \/>\n<meta property=\"og:url\" content=\"https:\/\/windmill.com.pl\/en\/\" \/>\n<meta property=\"og:site_name\" content=\"Windmill\" \/>\n<meta property=\"article:publisher\" content=\"https:\/\/www.facebook.com\/windmill.event\" \/>\n<meta property=\"article:modified_time\" content=\"2023-10-14T08:47:36+00:00\" \/>\n<meta name=\"twitter:card\" content=\"summary_large_image\" \/>\n<meta name=\"twitter:label1\" content=\"Est. reading time\" \/>\n\t<meta name=\"twitter:data1\" content=\"2 minutes\" \/>\n<script type=\"application\/ld+json\" class=\"yoast-schema-graph\">{\"@context\":\"https:\/\/schema.org\",\"@graph\":[{\"@type\":\"WebPage\",\"@id\":\"https:\/\/windmill.com.pl\/\",\"url\":\"https:\/\/windmill.com.pl\/\",\"name\":\"- Windmill\",\"isPartOf\":{\"@id\":\"https:\/\/windmill.com.pl\/#website\"},\"datePublished\":\"2022-02-18T21:02:32+00:00\",\"dateModified\":\"2023-10-14T08:47:36+00:00\",\"inLanguage\":\"en-US\",\"potentialAction\":[{\"@type\":\"ReadAction\",\"target\":[\"https:\/\/windmill.com.pl\/\"]}]},{\"@type\":\"WebSite\",\"@id\":\"https:\/\/windmill.com.pl\/#website\",\"url\":\"https:\/\/windmill.com.pl\/\",\"name\":\"Windmill\",\"description\":\"Making events happen\",\"publisher\":{\"@id\":\"https:\/\/windmill.com.pl\/#organization\"},\"potentialAction\":[{\"@type\":\"SearchAction\",\"target\":{\"@type\":\"EntryPoint\",\"urlTemplate\":\"https:\/\/windmill.com.pl\/?s={search_term_string}\"},\"query-input\":{\"@type\":\"PropertyValueSpecification\",\"valueRequired\":true,\"valueName\":\"search_term_string\"}}],\"inLanguage\":\"en-US\"},{\"@type\":\"Organization\",\"@id\":\"https:\/\/windmill.com.pl\/#organization\",\"name\":\"Windmill\",\"url\":\"https:\/\/windmill.com.pl\/\",\"logo\":{\"@type\":\"ImageObject\",\"inLanguage\":\"en-US\",\"@id\":\"https:\/\/windmill.com.pl\/#\/schema\/logo\/image\/\",\"url\":\"https:\/\/windmill.com.pl\/wp-content\/uploads\/2022\/02\/windmill-center-copy-1.png\",\"contentUrl\":\"https:\/\/windmill.com.pl\/wp-content\/uploads\/2022\/02\/windmill-center-copy-1.png\",\"width\":1751,\"height\":1980,\"caption\":\"Windmill\"},\"image\":{\"@id\":\"https:\/\/windmill.com.pl\/#\/schema\/logo\/image\/\"},\"sameAs\":[\"https:\/\/www.facebook.com\/windmill.event\",\"https:\/\/www.instagram.com\/windmill_event\/\"]}]}<\/script>\n<!-- \/ Yoast SEO plugin. -->","yoast_head_json":{"title":"- Windmill","robots":{"index":"index","follow":"follow","max-snippet":"max-snippet:-1","max-image-preview":"max-image-preview:large","max-video-preview":"max-video-preview:-1"},"canonical":"https:\/\/windmill.com.pl\/en\/","og_locale":"en_US","og_type":"article","og_title":"- Windmill","og_url":"https:\/\/windmill.com.pl\/en\/","og_site_name":"Windmill","article_publisher":"https:\/\/www.facebook.com\/windmill.event","article_modified_time":"2023-10-14T08:47:36+00:00","twitter_card":"summary_large_image","twitter_misc":{"Est. reading time":"2 minutes"},"schema":{"@context":"https:\/\/schema.org","@graph":[{"@type":"WebPage","@id":"https:\/\/windmill.com.pl\/","url":"https:\/\/windmill.com.pl\/","name":"- Windmill","isPartOf":{"@id":"https:\/\/windmill.com.pl\/#website"},"datePublished":"2022-02-18T21:02:32+00:00","dateModified":"2023-10-14T08:47:36+00:00","inLanguage":"en-US","potentialAction":[{"@type":"ReadAction","target":["https:\/\/windmill.com.pl\/"]}]},{"@type":"WebSite","@id":"https:\/\/windmill.com.pl\/#website","url":"https:\/\/windmill.com.pl\/","name":"Windmill","description":"Making events happen","publisher":{"@id":"https:\/\/windmill.com.pl\/#organization"},"potentialAction":[{"@type":"SearchAction","target":{"@type":"EntryPoint","urlTemplate":"https:\/\/windmill.com.pl\/?s={search_term_string}"},"query-input":{"@type":"PropertyValueSpecification","valueRequired":true,"valueName":"search_term_string"}}],"inLanguage":"en-US"},{"@type":"Organization","@id":"https:\/\/windmill.com.pl\/#organization","name":"Windmill","url":"https:\/\/windmill.com.pl\/","logo":{"@type":"ImageObject","inLanguage":"en-US","@id":"https:\/\/windmill.com.pl\/#\/schema\/logo\/image\/","url":"https:\/\/windmill.com.pl\/wp-content\/uploads\/2022\/02\/windmill-center-copy-1.png","contentUrl":"https:\/\/windmill.com.pl\/wp-content\/uploads\/2022\/02\/windmill-center-copy-1.png","width":1751,"height":1980,"caption":"Windmill"},"image":{"@id":"https:\/\/windmill.com.pl\/#\/schema\/logo\/image\/"},"sameAs":["https:\/\/www.facebook.com\/windmill.event","https:\/\/www.instagram.com\/windmill_event\/"]}]}},"_links":{"self":[{"href":"https:\/\/windmill.com.pl\/en\/wp-json\/wp\/v2\/pages\/18","targetHints":{"allow":["GET"]}}],"collection":[{"href":"https:\/\/windmill.com.pl\/en\/wp-json\/wp\/v2\/pages"}],"about":[{"href":"https:\/\/windmill.com.pl\/en\/wp-json\/wp\/v2\/types\/page"}],"author":[{"embeddable":true,"href":"https:\/\/windmill.com.pl\/en\/wp-json\/wp\/v2\/users\/1"}],"replies":[{"embeddable":true,"href":"https:\/\/windmill.com.pl\/en\/wp-json\/wp\/v2\/comments?post=18"}],"version-history":[{"count":37,"href":"https:\/\/windmill.com.pl\/en\/wp-json\/wp\/v2\/pages\/18\/revisions"}],"predecessor-version":[{"id":301,"href":"https:\/\/windmill.com.pl\/en\/wp-json\/wp\/v2\/pages\/18\/revisions\/301"}],"wp:attachment":[{"href":"https:\/\/windmill.com.pl\/en\/wp-json\/wp\/v2\/media?parent=18"}],"curies":[{"name":"wp","href":"https:\/\/api.w.org\/{rel}","templated":true}]}}